{"id":1916,"date":"2023-11-27T12:00:16","date_gmt":"2023-11-27T18:00:16","guid":{"rendered":"https:\/\/mydigitize.mx\/?post_type=product&#038;p=1916"},"modified":"2023-11-28T10:44:14","modified_gmt":"2023-11-28T16:44:14","slug":"gorra-bordada-c-diseno-existente","status":"publish","type":"product","link":"https:\/\/mydigitize.mx\/es\/producto\/gorra-bordada-c-diseno-existente\/","title":{"rendered":"Gorra Bordada C Dise\u00f1o existente"},"content":{"rendered":"<h2>Gorra Acr\u00edlica de ajuste con velcro<\/h2>\n<p>Incluye 1 bordado de nuestros dise\u00f1os existentes<\/p>\n<p>La imagen que se muestra es de ejemplo<\/p>\n<p>Incluye envio en M\u00e9xico<\/p>","protected":false},"excerpt":{"rendered":"<p>Gorra Acr\u00edlica de ajuste con velcro Incluye 1 bordado de nuestros dise\u00f1os existentes La imagen que se muestra es de ejemplo Incluye envio en M\u00e9xico<\/p>","protected":false},"featured_media":1918,"template":"","meta":[],"product_brand":[],"product_cat":[16],"product_tag":[],"class_list":{"0":"post-1916","1":"product","2":"type-product","3":"status-publish","4":"has-post-thumbnail","6":"product_cat-clothing","8":"first","9":"instock","10":"taxable","11":"shipping-taxable","12":"purchasable","13":"product-type-simple"},"_links":{"self":[{"href":"https:\/\/mydigitize.mx\/es\/wp-json\/wp\/v2\/product\/1916","targetHints":{"allow":["GET"]}}],"collection":[{"href":"https:\/\/mydigitize.mx\/es\/wp-json\/wp\/v2\/product"}],"about":[{"href":"https:\/\/mydigitize.mx\/es\/wp-json\/wp\/v2\/types\/product"}],"wp:featuredmedia":[{"embeddable":true,"href":"https:\/\/mydigitize.mx\/es\/wp-json\/wp\/v2\/media\/1918"}],"wp:attachment":[{"href":"https:\/\/mydigitize.mx\/es\/wp-json\/wp\/v2\/media?parent=1916"}],"wp:term":[{"taxonomy":"product_brand","embeddable":true,"href":"https:\/\/mydigitize.mx\/es\/wp-json\/wp\/v2\/product_brand?post=1916"},{"taxonomy":"product_cat","embeddable":true,"href":"https:\/\/mydigitize.mx\/es\/wp-json\/wp\/v2\/product_cat?post=1916"},{"taxonomy":"product_tag","embeddable":true,"href":"https:\/\/mydigitize.mx\/es\/wp-json\/wp\/v2\/product_tag?post=1916"}],"curies":[{"name":"wp","href":"https:\/\/api.w.org\/{rel}","templated":true}]}}