{"id":772,"date":"2023-07-14T16:36:37","date_gmt":"2023-07-14T21:36:37","guid":{"rendered":"http:\/\/mydigitize.mx\/?post_type=product&#038;p=772"},"modified":"2024-09-26T16:00:25","modified_gmt":"2024-09-26T21:00:25","slug":"quote-payment","status":"publish","type":"product","link":"http:\/\/mydigitize.mx\/es\/producto\/quote-payment\/","title":{"rendered":"Pago de cotizaci\u00f3n"},"content":{"rendered":"<h4><em><strong>\u00a1Gracias por interesarte en nuestros servicios!<\/strong><\/em><\/h4>\n<h5><strong>A continuaci\u00f3n, a\u00f1ade el precio y n\u00famero que te facilitamos mediante correo electr\u00f3nico o llamada telef\u00f3nica para proceder al pago.<\/strong><\/h5>\n<p><!--more--><\/p>\n<p>\u00bfA\u00fan no tienes una cotizaci\u00f3n? <a href=\"http:\/\/mydigitize.mx\/es\/custom-embroidery-service\/\">Haz clic aqu\u00ed para cotizar.<\/a><\/p>","protected":false},"excerpt":{"rendered":"<p>Thank you for being interested in our services! Next, add the price and number that we provide you through mail or phone call to proceed the payment.<\/p>","protected":false},"featured_media":287,"template":"","meta":[],"product_brand":[],"product_cat":[80],"product_tag":[149],"class_list":{"0":"post-772","1":"product","2":"type-product","3":"status-publish","4":"has-post-thumbnail","6":"product_cat-custom","7":"product_tag-custom","8":"wcpa_has_options","10":"first","11":"instock","12":"virtual","13":"sold-individually","14":"taxable","15":"purchasable","16":"product-type-simple"},"_links":{"self":[{"href":"http:\/\/mydigitize.mx\/es\/wp-json\/wp\/v2\/product\/772","targetHints":{"allow":["GET"]}}],"collection":[{"href":"http:\/\/mydigitize.mx\/es\/wp-json\/wp\/v2\/product"}],"about":[{"href":"http:\/\/mydigitize.mx\/es\/wp-json\/wp\/v2\/types\/product"}],"wp:featuredmedia":[{"embeddable":true,"href":"http:\/\/mydigitize.mx\/es\/wp-json\/wp\/v2\/media\/287"}],"wp:attachment":[{"href":"http:\/\/mydigitize.mx\/es\/wp-json\/wp\/v2\/media?parent=772"}],"wp:term":[{"taxonomy":"product_brand","embeddable":true,"href":"http:\/\/mydigitize.mx\/es\/wp-json\/wp\/v2\/product_brand?post=772"},{"taxonomy":"product_cat","embeddable":true,"href":"http:\/\/mydigitize.mx\/es\/wp-json\/wp\/v2\/product_cat?post=772"},{"taxonomy":"product_tag","embeddable":true,"href":"http:\/\/mydigitize.mx\/es\/wp-json\/wp\/v2\/product_tag?post=772"}],"curies":[{"name":"wp","href":"https:\/\/api.w.org\/{rel}","templated":true}]}}